{"id":1591,"date":"2018-09-23T11:48:28","date_gmt":"2018-09-23T09:48:28","guid":{"rendered":"https:\/\/crossfitmarbella.com\/get-started\/"},"modified":"2021-08-17T08:59:23","modified_gmt":"2021-08-17T06:59:23","slug":"empieza-ya","status":"publish","type":"page","link":"https:\/\/www.crossfitmarbella.com\/es\/empieza-ya\/","title":{"rendered":"\u00a1Empieza Ya!"},"content":{"rendered":"<section class=\"wpb-content-wrapper\"><p>[vc_row full_width=\u00bbstretch_row\u00bb][vc_column][vc_column_text]<\/p>\n<p style=\"text-align: center;\">Cualquiera que sea nuevo en CrossFit Marbella tendr\u00e1 la oportunidad de comenzar con una consulta 1-a-1 GRATUITA, la cual llamamos, &#8216;No Sweat Intro&#8217; &#8211; NSI (Intro Sin Sudor), en tu primer d\u00eda no habr\u00e1 entrenamiento. El prop\u00f3sito del NSI es darte la bienvenida a CrossFit Marbella, conocer\u00e1s a nuestro equipo y algunos de nuestros miembros. P\u00e1sate por el gym, nos sentaremos contigo y determinaremos cu\u00e1l es el mejor camino para que puedas conseguir tus metas. Tenemos una gran variedad de opciones que t\u00fa mismo podr\u00e1s elegir, lo m\u00e1s importante ser\u00e1 encontrar el mejor plan para que puedes empezar lo antes posible.<\/p>\n<p style=\"text-align: center;\">No hay mejor momento que el presente, env\u00edanos un mensaje y te responderemos lo antes posible. \u00a1Estaremos encantados de recibirte y de que te unas a nuestro equipo!<\/p>\n<p>[\/vc_column_text][vc_empty_space height=\u00bb60px\u00bb][\/vc_column][\/vc_row][vc_row full_width=\u00bbstretch_row\u00bb css=\u00bb.vc_custom_1629183452155{padding-top: 60px !important;background-color: #f3f3f3 !important;}\u00bb el_id=\u00bbget-started-icon-row\u00bb][vc_column width=\u00bb1\/3&#8243;][cms_fancybox_single content_align=\u00bbcenter\u00bb title_item=\u00bbPaso 1&#8243; button_link=\u00bb\u00bb description_item=\u00bbEnv\u00edanos un mensaje.\u00bb cms_template=\u00bbcms_fancybox_single.php\u00bb image=\u00bb808&#8243; image_icon_hover=\u00bb808&#8243;][\/vc_column][vc_column width=\u00bb1\/3&#8243;][cms_fancybox_single content_align=\u00bbcenter\u00bb title_item=\u00bbPaso 2&#8243; button_link=\u00bb\u00bb description_item=\u00bbConigue tu consulta gratuita.\u00bb cms_template=\u00bbcms_fancybox_single.php\u00bb image=\u00bb657&#8243; image_icon_hover=\u00bb657&#8243;][\/vc_column][vc_column width=\u00bb1\/3&#8243;][cms_fancybox_single content_align=\u00bbcenter\u00bb title_item=\u00bbPaso 3&#8243; button_link=\u00bb\u00bb description_item=\u00bbEs hora de ponernos manos a la obra. \u00a1Vamos con todo!\u00bb cms_template=\u00bbcms_fancybox_single.php\u00bb image=\u00bb805&#8243; image_icon_hover=\u00bb805&#8243;][\/vc_column][\/vc_row][vc_row full_width=\u00bbstretch_row\u00bb css=\u00bb.vc_custom_1629183561728{padding-top: 60px !important;padding-bottom: 60px !important;background-color: #f3f3f3 !important;}\u00bb][vc_column][vc_raw_html el_class=\u00bbcalendly-trigger-wrapper text-center\u00bb]JTNDYSUyMGhyZWYlM0QlMjJodHRwcyUzQSUyRiUyRmNhbGVuZGx5LmNvbSUyRmNmbS1tYXJiZWxsYSUyMiUyMHRhcmdldCUzRCUyMl9ibGFuayUyMiUyMGNsYXNzJTNEJTIyY2FsZW5kbHktdHJpZ2dlciUyMiUzRVJlc2VydmElMjB0dSUyMENvbnN1bHRhJTIwR3JhdHVpdGElM0MlMkZhJTNF[\/vc_raw_html][\/vc_column][\/vc_row][vc_row full_width=\u00bbstretch_row_content\u00bb][vc_column][vc_empty_space height=\u00bb80px\u00bb][vc_column_text]<\/p>\n<h2 style=\"color: #171717 !important; text-align: center; font-size: 43px!important;\">Experiencias<\/h2>\n<p>[\/vc_column_text][vc_separator color=\u00bbcustom\u00bb el_width=\u00bb20&#8243; accent_color=\u00bb#d3d3d3&#8243;][vc_row_inner el_class=\u00bbembedYoutubeVideosWrapper\u00bb][vc_column_inner el_class=\u00bbembedYoutubeVideo\u00bb width=\u00bb1\/3&#8243; css=\u00bb.vc_custom_1585044920666{margin-top: 50px !important;}\u00bb][vc_column_text]<\/p>\n<p style=\"text-transform: uppercase; text-align: center; font-size: 12px; letter-spacing: 2px;\">Martina<\/p>\n<p>[\/vc_column_text][vc_video link=\u00bbhttps:\/\/youtu.be\/dyV145KD1Is\u00bb align=\u00bbcenter\u00bb][\/vc_column_inner][vc_column_inner el_class=\u00bbembedYoutubeVideo\u00bb width=\u00bb1\/3&#8243; css=\u00bb.vc_custom_1585044924513{margin-top: 50px !important;}\u00bb][vc_column_text]<\/p>\n<p style=\"text-transform: uppercase; text-align: center; font-size: 12px; letter-spacing: 2px;\">Miguel<\/p>\n<p>[\/vc_column_text][vc_video link=\u00bbhttps:\/\/youtu.be\/3CaPKgC4bIo\u00bb align=\u00bbcenter\u00bb][\/vc_column_inner][vc_column_inner el_class=\u00bbembedYoutubeVideo\u00bb width=\u00bb1\/3&#8243; css=\u00bb.vc_custom_1585044929024{margin-top: 50px !important;}\u00bb][vc_column_text]<\/p>\n<p style=\"text-transform: uppercase; text-align: center; font-size: 12px; letter-spacing: 2px;\">Veronique<\/p>\n<p>[\/vc_column_text][vc_video link=\u00bbhttps:\/\/youtu.be\/TXhwckvxmv0&#8243; align=\u00bbcenter\u00bb][\/vc_column_inner][\/vc_row_inner][vc_empty_space height=\u00bb30px\u00bb][\/vc_column][\/vc_row][vc_row full_width=\u00bbstretch_row_content_no_spaces\u00bb][vc_column el_class=\u00bbBakeryMaps\u00bb][cms_googlemap api=\u00bbAIzaSyChFul-6wgvOqVEdbkCth1y0fugC28vA3k\u00bb coordinate=\u00bb36.49854440396506,-4.989526336293238&#8243; markercoordinate=\u00bb36.49854440396506,-4.989526336293238&#8243; markericon=\u00bb1088&#8243; style=\u00bbcustom\u00bb]JTVCJTdCJTIyZmVhdHVyZVR5cGUlMjIlM0ElMjJhZG1pbmlzdHJhdGl2ZSUyMiUyQyUyMmVsZW1lbnRUeXBlJTIyJTNBJTIybGFiZWxzLnRleHQuZmlsbCUyMiUyQyUyMnN0eWxlcnMlMjIlM0ElNUIlN0IlMjJjb2xvciUyMiUzQSUyMiUyMzQ0NDQ0NCUyMiU3RCU1RCU3RCUyQyU3QiUyMmZlYXR1cmVUeXBlJTIyJTNBJTIybGFuZHNjYXBlJTIyJTJDJTIyZWxlbWVudFR5cGUlMjIlM0ElMjJhbGwlMjIlMkMlMjJzdHlsZXJzJTIyJTNBJTVCJTdCJTIyY29sb3IlMjIlM0ElMjIlMjNmMmYyZjIlMjIlN0QlNUQlN0QlMkMlN0IlMjJmZWF0dXJlVHlwZSUyMiUzQSUyMnBvaSUyMiUyQyUyMmVsZW1lbnRUeXBlJTIyJTNBJTIyYWxsJTIyJTJDJTIyc3R5bGVycyUyMiUzQSU1QiU3QiUyMnZpc2liaWxpdHklMjIlM0ElMjJvZmYlMjIlN0QlNUQlN0QlMkMlN0IlMjJmZWF0dXJlVHlwZSUyMiUzQSUyMnJvYWQlMjIlMkMlMjJlbGVtZW50VHlwZSUyMiUzQSUyMmFsbCUyMiUyQyUyMnN0eWxlcnMlMjIlM0ElNUIlN0IlMjJzYXR1cmF0aW9uJTIyJTNBLTEwMCU3RCUyQyU3QiUyMmxpZ2h0bmVzcyUyMiUzQTQ1JTdEJTVEJTdEJTJDJTdCJTIyZmVhdHVyZVR5cGUlMjIlM0ElMjJyb2FkLmhpZ2h3YXklMjIlMkMlMjJlbGVtZW50VHlwZSUyMiUzQSUyMmFsbCUyMiUyQyUyMnN0eWxlcnMlMjIlM0ElNUIlN0IlMjJ2aXNpYmlsaXR5JTIyJTNBJTIyc2ltcGxpZmllZCUyMiU3RCU1RCU3RCUyQyU3QiUyMmZlYXR1cmVUeXBlJTIyJTNBJTIycm9hZC5hcnRlcmlhbCUyMiUyQyUyMmVsZW1lbnRUeXBlJTIyJTNBJTIyZ2VvbWV0cnkuc3Ryb2tlJTIyJTJDJTIyc3R5bGVycyUyMiUzQSU1QiU3QiUyMnZpc2liaWxpdHklMjIlM0ElMjJvZmYlMjIlN0QlNUQlN0QlMkMlN0IlMjJmZWF0dXJlVHlwZSUyMiUzQSUyMnJvYWQuYXJ0ZXJpYWwlMjIlMkMlMjJlbGVtZW50VHlwZSUyMiUzQSUyMmxhYmVscy5pY29uJTIyJTJDJTIyc3R5bGVycyUyMiUzQSU1QiU3QiUyMnZpc2liaWxpdHklMjIlM0ElMjJvZmYlMjIlN0QlNUQlN0QlMkMlN0IlMjJmZWF0dXJlVHlwZSUyMiUzQSUyMnJvYWQubG9jYWwlMjIlMkMlMjJlbGVtZW50VHlwZSUyMiUzQSUyMmdlb21ldHJ5LnN0cm9rZSUyMiUyQyUyMnN0eWxlcnMlMjIlM0ElNUIlN0IlMjJ2aXNpYmlsaXR5JTIyJTNBJTIyb2ZmJTIyJTdEJTVEJTdEJTJDJTdCJTIyZmVhdHVyZVR5cGUlMjIlM0ElMjJyb2FkLmxvY2FsJTIyJTJDJTIyZWxlbWVudFR5cGUlMjIlM0ElMjJsYWJlbHMudGV4dC5maWxsJTIyJTJDJTIyc3R5bGVycyUyMiUzQSU1QiU3QiUyMmdhbW1hJTIyJTNBJTIyNC4xMSUyMiU3RCU1RCU3RCUyQyU3QiUyMmZlYXR1cmVUeXBlJTIyJTNBJTIydHJhbnNpdCUyMiUyQyUyMmVsZW1lbnRUeXBlJTIyJTNBJTIyYWxsJTIyJTJDJTIyc3R5bGVycyUyMiUzQSU1QiU3QiUyMnZpc2liaWxpdHklMjIlM0ElMjJvZmYlMjIlN0QlNUQlN0QlMkMlN0IlMjJmZWF0dXJlVHlwZSUyMiUzQSUyMnRyYW5zaXQubGluZSUyMiUyQyUyMmVsZW1lbnRUeXBlJTIyJTNBJTIyZ2VvbWV0cnkuZmlsbCUyMiUyQyUyMnN0eWxlcnMlMjIlM0ElNUIlN0IlMjJ2aXNpYmlsaXR5JTIyJTNBJTIyb2ZmJTIyJTdEJTVEJTdEJTJDJTdCJTIyZmVhdHVyZVR5cGUlMjIlM0ElMjJ3YXRlciUyMiUyQyUyMmVsZW1lbnRUeXBlJTIyJTNBJTIyYWxsJTIyJTJDJTIyc3R5bGVycyUyMiUzQSU1QiU3QiUyMmNvbG9yJTIyJTNBJTIyJTIzYzJjMmMyJTIyJTdEJTJDJTdCJTIydmlzaWJpbGl0eSUyMiUzQSUyMm9uJTIyJTdEJTVEJTdEJTVE[\/cms_googlemap][\/vc_column][\/vc_row]<\/p>\n<\/section>","protected":false},"excerpt":{"rendered":"<p>[vc_row full_width=\u00bbstretch_row\u00bb][vc_column][vc_column_text] Cualquiera que sea nuevo en CrossFit Marbella tendr\u00e1 la oportunidad de comenzar con una consulta 1-a-1 GRATUITA, la cual llamamos, &#8216;No Sweat Intro&#8217; &#8211; NSI (Intro Sin Sudor), en tu primer d\u00eda no habr\u00e1 entrenamiento. El prop\u00f3sito del NSI es darte la bienvenida a CrossFit Marbella, conocer\u00e1s a nuestro equipo y algunos de [&hellip;]<\/p>\n","protected":false},"author":1,"featured_media":0,"parent":0,"menu_order":0,"comment_status":"closed","ping_status":"closed","template":"","meta":{"_monsterinsights_skip_tracking":false,"_monsterinsights_sitenote_active":false,"_monsterinsights_sitenote_note":"","_monsterinsights_sitenote_category":0,"footnotes":""},"class_list":["post-1591","page","type-page","status-publish","hentry"],"yoast_head":"<!-- This site is optimized with the Yoast SEO plugin v26.1 - https:\/\/yoast.com\/wordpress\/plugins\/seo\/ -->\n<title>New to CrossFit? | Classes at CrossFit Marbella | CrossFit gym | Spain<\/title>\n<meta name=\"description\" content=\"New to CrossFit? Visit CrossFit Marbella, a CrossFit gym in San Pedro Alcantara. Focusing on health, fitness and nutrition from experienced CrossFit coaches\" \/>\n<meta name=\"robots\" content=\"index, follow, max-snippet:-1, max-image-preview:large, max-video-preview:-1\" \/>\n<link rel=\"canonical\" href=\"https:\/\/www.crossfitmarbella.com\/es\/empieza-ya\/\" \/>\n<meta property=\"og:locale\" content=\"es_ES\" \/>\n<meta property=\"og:type\" content=\"article\" \/>\n<meta property=\"og:title\" content=\"New to CrossFit? | Classes at CrossFit Marbella | CrossFit gym | Spain\" \/>\n<meta property=\"og:description\" content=\"New to CrossFit? Visit CrossFit Marbella, a CrossFit gym in San Pedro Alcantara. Focusing on health, fitness and nutrition from experienced CrossFit coaches\" \/>\n<meta property=\"og:url\" content=\"https:\/\/www.crossfitmarbella.com\/es\/empieza-ya\/\" \/>\n<meta property=\"og:site_name\" content=\"Crossfit Marbella\" \/>\n<meta property=\"article:modified_time\" content=\"2021-08-17T06:59:23+00:00\" \/>\n<meta name=\"twitter:card\" content=\"summary_large_image\" \/>\n<meta name=\"twitter:label1\" content=\"Tiempo de lectura\" \/>\n\t<meta name=\"twitter:data1\" content=\"2 minutos\" \/>\n<script type=\"application\/ld+json\" class=\"yoast-schema-graph\">{\"@context\":\"https:\/\/schema.org\",\"@graph\":[{\"@type\":\"WebPage\",\"@id\":\"https:\/\/www.crossfitmarbella.com\/es\/empieza-ya\/\",\"url\":\"https:\/\/www.crossfitmarbella.com\/es\/empieza-ya\/\",\"name\":\"New to CrossFit? | Classes at CrossFit Marbella | CrossFit gym | Spain\",\"isPartOf\":{\"@id\":\"https:\/\/www.crossfitmarbella.com\/es\/#website\"},\"datePublished\":\"2018-09-23T09:48:28+00:00\",\"dateModified\":\"2021-08-17T06:59:23+00:00\",\"description\":\"New to CrossFit? Visit CrossFit Marbella, a CrossFit gym in San Pedro Alcantara. Focusing on health, fitness and nutrition from experienced CrossFit coaches\",\"breadcrumb\":{\"@id\":\"https:\/\/www.crossfitmarbella.com\/es\/empieza-ya\/#breadcrumb\"},\"inLanguage\":\"es\",\"potentialAction\":[{\"@type\":\"ReadAction\",\"target\":[\"https:\/\/www.crossfitmarbella.com\/es\/empieza-ya\/\"]}]},{\"@type\":\"BreadcrumbList\",\"@id\":\"https:\/\/www.crossfitmarbella.com\/es\/empieza-ya\/#breadcrumb\",\"itemListElement\":[{\"@type\":\"ListItem\",\"position\":1,\"name\":\"Home\",\"item\":\"https:\/\/www.crossfitmarbella.com\/es\/\"},{\"@type\":\"ListItem\",\"position\":2,\"name\":\"\u00a1Empieza Ya!\"}]},{\"@type\":\"WebSite\",\"@id\":\"https:\/\/www.crossfitmarbella.com\/es\/#website\",\"url\":\"https:\/\/www.crossfitmarbella.com\/es\/\",\"name\":\"Crossfit Marbella\",\"description\":\"Crossfit Marbella\",\"potentialAction\":[{\"@type\":\"SearchAction\",\"target\":{\"@type\":\"EntryPoint\",\"urlTemplate\":\"https:\/\/www.crossfitmarbella.com\/es\/?s={search_term_string}\"},\"query-input\":{\"@type\":\"PropertyValueSpecification\",\"valueRequired\":true,\"valueName\":\"search_term_string\"}}],\"inLanguage\":\"es\"}]}<\/script>\n<!-- \/ Yoast SEO plugin. -->","yoast_head_json":{"title":"New to CrossFit? | Classes at CrossFit Marbella | CrossFit gym | Spain","description":"New to CrossFit? Visit CrossFit Marbella, a CrossFit gym in San Pedro Alcantara. Focusing on health, fitness and nutrition from experienced CrossFit coaches","robots":{"index":"index","follow":"follow","max-snippet":"max-snippet:-1","max-image-preview":"max-image-preview:large","max-video-preview":"max-video-preview:-1"},"canonical":"https:\/\/www.crossfitmarbella.com\/es\/empieza-ya\/","og_locale":"es_ES","og_type":"article","og_title":"New to CrossFit? | Classes at CrossFit Marbella | CrossFit gym | Spain","og_description":"New to CrossFit? Visit CrossFit Marbella, a CrossFit gym in San Pedro Alcantara. Focusing on health, fitness and nutrition from experienced CrossFit coaches","og_url":"https:\/\/www.crossfitmarbella.com\/es\/empieza-ya\/","og_site_name":"Crossfit Marbella","article_modified_time":"2021-08-17T06:59:23+00:00","twitter_card":"summary_large_image","twitter_misc":{"Tiempo de lectura":"2 minutos"},"schema":{"@context":"https:\/\/schema.org","@graph":[{"@type":"WebPage","@id":"https:\/\/www.crossfitmarbella.com\/es\/empieza-ya\/","url":"https:\/\/www.crossfitmarbella.com\/es\/empieza-ya\/","name":"New to CrossFit? | Classes at CrossFit Marbella | CrossFit gym | Spain","isPartOf":{"@id":"https:\/\/www.crossfitmarbella.com\/es\/#website"},"datePublished":"2018-09-23T09:48:28+00:00","dateModified":"2021-08-17T06:59:23+00:00","description":"New to CrossFit? Visit CrossFit Marbella, a CrossFit gym in San Pedro Alcantara. Focusing on health, fitness and nutrition from experienced CrossFit coaches","breadcrumb":{"@id":"https:\/\/www.crossfitmarbella.com\/es\/empieza-ya\/#breadcrumb"},"inLanguage":"es","potentialAction":[{"@type":"ReadAction","target":["https:\/\/www.crossfitmarbella.com\/es\/empieza-ya\/"]}]},{"@type":"BreadcrumbList","@id":"https:\/\/www.crossfitmarbella.com\/es\/empieza-ya\/#breadcrumb","itemListElement":[{"@type":"ListItem","position":1,"name":"Home","item":"https:\/\/www.crossfitmarbella.com\/es\/"},{"@type":"ListItem","position":2,"name":"\u00a1Empieza Ya!"}]},{"@type":"WebSite","@id":"https:\/\/www.crossfitmarbella.com\/es\/#website","url":"https:\/\/www.crossfitmarbella.com\/es\/","name":"Crossfit Marbella","description":"Crossfit Marbella","potentialAction":[{"@type":"SearchAction","target":{"@type":"EntryPoint","urlTemplate":"https:\/\/www.crossfitmarbella.com\/es\/?s={search_term_string}"},"query-input":{"@type":"PropertyValueSpecification","valueRequired":true,"valueName":"search_term_string"}}],"inLanguage":"es"}]}},"_links":{"self":[{"href":"https:\/\/www.crossfitmarbella.com\/es\/wp-json\/wp\/v2\/pages\/1591","targetHints":{"allow":["GET"]}}],"collection":[{"href":"https:\/\/www.crossfitmarbella.com\/es\/wp-json\/wp\/v2\/pages"}],"about":[{"href":"https:\/\/www.crossfitmarbella.com\/es\/wp-json\/wp\/v2\/types\/page"}],"author":[{"embeddable":true,"href":"https:\/\/www.crossfitmarbella.com\/es\/wp-json\/wp\/v2\/users\/1"}],"replies":[{"embeddable":true,"href":"https:\/\/www.crossfitmarbella.com\/es\/wp-json\/wp\/v2\/comments?post=1591"}],"version-history":[{"count":5,"href":"https:\/\/www.crossfitmarbella.com\/es\/wp-json\/wp\/v2\/pages\/1591\/revisions"}],"predecessor-version":[{"id":2736,"href":"https:\/\/www.crossfitmarbella.com\/es\/wp-json\/wp\/v2\/pages\/1591\/revisions\/2736"}],"wp:attachment":[{"href":"https:\/\/www.crossfitmarbella.com\/es\/wp-json\/wp\/v2\/media?parent=1591"}],"curies":[{"name":"wp","href":"https:\/\/api.w.org\/{rel}","templated":true}]}}