{"id":1568,"date":"2019-01-30T17:39:39","date_gmt":"2019-01-30T16:39:39","guid":{"rendered":"https:\/\/crossfitmarbella.com\/clases\/crossfit\/"},"modified":"2020-06-18T10:13:10","modified_gmt":"2020-06-18T08:13:10","slug":"fuerza","status":"publish","type":"page","link":"https:\/\/www.crossfitmarbella.com\/es\/clases\/fuerza\/","title":{"rendered":"Clases de Fuerza"},"content":{"rendered":"<section class=\"wpb-content-wrapper\"><p>[vc_row full_width=\u00bbstretch_row\u00bb css=\u00bb.vc_custom_1538384099709{padding-top: 10px !important;}\u00bb][vc_column width=\u00bb1\/2&#8243;][vc_column_text]<\/p>\n<h2>SOBRE LA CLASE<\/h2>\n<p>[\/vc_column_text][vc_column_text]<\/p>\n<p><span style=\"font-size: 18pt; line-height: 32pt;\">Las Clases de Fuerza est\u00e1n dise\u00f1adas para llevarte a otro nivel. Estas clases har\u00e1n que incrementes tu fuerza con <span style=\"color: #DB812E;\"><em><strong>levantamientos ol\u00edmpicos<\/strong><\/em><\/span> y <span style=\"color: #DB812E;\"><em><strong>ejercicios gimn\u00e1sticos<\/strong><\/em><\/span>. Cada clase es diferente, para que \u00a1consigas tu mejor nivel de fitness!<\/span><\/p>\n<p>[\/vc_column_text][vc_empty_space height=\u00bb50px\u00bb][\/vc_column][vc_column width=\u00bb1\/2&#8243;][vc_column_text]<\/p>\n<h3>HORARIO:<\/h3>\n<p>[\/vc_column_text][vc_column_text]<\/p>\n<table style=\"width: 100%; height: 144px; border-bottom: 0;\" cellspacing=\"0\" cellpadding=\"0\">\n<tbody>\n<tr style=\"height: 24px;\">\n<td style=\"height: 24px; width: 60.9318%; border-top: 0;\"><span style=\"color: #171717; font-size: 14pt;\"><strong>Lunes:<\/strong><\/span> <span style=\"color: #DB812E;\"><strong>AM<\/strong><\/span> 6:15, 7:30, 8:45, 10:00<\/td>\n<td style=\"height: 24px; width: 38.7097%; border-top: 0;\">\u00a0 <span style=\"color: #DB812E;\"><strong>PM<\/strong><\/span> 7:00<\/td>\n<\/tr>\n<tr style=\"height: 24px;\">\n<td style=\"height: 24px; width: 60.9318%;\"><span style=\"color: #171717; font-size: 14pt;\"><strong>Martes:<\/strong><\/span> <span style=\"color: #DB812E;\"><strong>AM<\/strong><\/span> 6:15, 7:30, 8:45, 10:00<\/td>\n<td style=\"height: 24px; width: 38.7097%;\">\u00a0 <span style=\"color: #DB812E;\"><strong>PM<\/strong><\/span> 7:00<\/td>\n<\/tr>\n<tr style=\"height: 24px;\">\n<td style=\"height: 24px; width: 60.9318%;\"><span style=\"color: #171717; font-size: 14pt;\"><strong>Mi\u00e9rcoles:<\/strong><\/span> <span style=\"color: #DB812E;\"><strong>AM<\/strong><\/span> 6:15, 7:30, 8:45, 10:00<\/td>\n<td style=\"height: 24px; width: 38.7097%;\">\u00a0 <span style=\"color: #DB812E;\"><strong>PM<\/strong><\/span> 7:00<\/td>\n<\/tr>\n<tr style=\"height: 24px;\">\n<td style=\"height: 24px; width: 60.9318%;\"><span style=\"color: #171717; font-size: 14pt;\"><strong>Jueves:<\/strong><\/span> <span style=\"color: #DB812E;\"><strong>AM<\/strong><\/span> 6:15, 7:30, 8:45, 10:00<\/td>\n<td style=\"height: 24px; width: 38.7097%;\">\u00a0 <span style=\"color: #DB812E;\"><strong>PM<\/strong><\/span> 7:00<\/td>\n<\/tr>\n<tr style=\"height: 24px;\">\n<td style=\"height: 24px; width: 60.9318%;\"><span style=\"color: #171717; font-size: 14pt;\"><strong>Viernes:<\/strong><\/span> <span style=\"color: #DB812E;\"><strong>AM<\/strong><\/span> 6:15, 7:30, 8:45, 10:00<\/td>\n<td style=\"height: 24px; width: 38.7097%;\">\u00a0 <span style=\"color: #DB812E;\"><strong>PM<\/strong><\/span> 7:00<\/td>\n<\/tr>\n<tr style=\"height: 24px;\">\n<td style=\"height: 24px; width: 60.9318%;\"><span style=\"color: #171717; font-size: 14pt;\"><strong>S\u00e1bado:<\/strong><\/span> <span style=\"color: #DB812E;\"><strong>AM<\/strong><\/span> 8:45, 10:00<\/td>\n<td style=\"height: 24px; width: 38.7097%;\">\u00a0<\/td>\n<\/tr>\n<\/tbody>\n<\/table>\n<p>[\/vc_column_text][\/vc_column][\/vc_row][vc_row][vc_column][vc_column_text] [\/vc_column_text][\/vc_column][\/vc_row][vc_row][vc_column][vc_column_text] [\/vc_column_text][\/vc_column][\/vc_row][vc_row][vc_column][vc_column_text] [\/vc_column_text][\/vc_column][\/vc_row][vc_row][vc_column][vc_column_text] [\/vc_column_text][\/vc_column][\/vc_row][vc_row][vc_column][vc_column_text] [\/vc_column_text][\/vc_column][\/vc_row][vc_row][vc_column][vc_column_text] [\/vc_column_text][\/vc_column][\/vc_row][vc_row][vc_column][vc_column_text]<\/p>\n<p>[\/vc_column_text][\/vc_column][\/vc_row][vc_row][vc_column][vc_empty_space height=\u00bb80px\u00bb][\/vc_column][\/vc_row]<\/p>\n<\/section>","protected":false},"excerpt":{"rendered":"<p>[vc_row full_width=\u00bbstretch_row\u00bb css=\u00bb.vc_custom_1538384099709{padding-top: 10px !important;}\u00bb][vc_column width=\u00bb1\/2&#8243;][vc_column_text] SOBRE LA CLASE [\/vc_column_text][vc_column_text] Las Clases de Fuerza est\u00e1n dise\u00f1adas para llevarte a otro nivel. Estas clases har\u00e1n que incrementes tu fuerza con levantamientos ol\u00edmpicos y ejercicios gimn\u00e1sticos. Cada clase es diferente, para que \u00a1consigas tu mejor nivel de fitness! [\/vc_column_text][vc_empty_space height=\u00bb50px\u00bb][\/vc_column][vc_column width=\u00bb1\/2&#8243;][vc_column_text] HORARIO: [\/vc_column_text][vc_column_text] Lunes: AM 6:15, 7:30, [&hellip;]<\/p>\n","protected":false},"author":1,"featured_media":0,"parent":1550,"menu_order":0,"comment_status":"closed","ping_status":"closed","template":"","meta":{"_monsterinsights_skip_tracking":false,"_monsterinsights_sitenote_active":false,"_monsterinsights_sitenote_note":"","_monsterinsights_sitenote_category":0,"footnotes":""},"class_list":["post-1568","page","type-page","status-publish","hentry"],"yoast_head":"<!-- This site is optimized with the Yoast SEO plugin v26.1 - https:\/\/yoast.com\/wordpress\/plugins\/seo\/ -->\n<title>CrossFit Classes | CrossFit Marbella | San Pedro | Costa del Sol | Spain<\/title>\n<meta name=\"description\" content=\"CrossFit Classes at CrossFit Marbella in San Pedro Alcantara, Spain. Focusing on health, fitness and nutrition from experienced CrossFit coaches.\" \/>\n<meta name=\"robots\" content=\"index, follow, max-snippet:-1, max-image-preview:large, max-video-preview:-1\" \/>\n<link rel=\"canonical\" href=\"https:\/\/www.crossfitmarbella.com\/es\/clases\/fuerza\/\" \/>\n<meta property=\"og:locale\" content=\"es_ES\" \/>\n<meta property=\"og:type\" content=\"article\" \/>\n<meta property=\"og:title\" content=\"CrossFit Classes | CrossFit Marbella | San Pedro | Costa del Sol | Spain\" \/>\n<meta property=\"og:description\" content=\"CrossFit Classes at CrossFit Marbella in San Pedro Alcantara, Spain. Focusing on health, fitness and nutrition from experienced CrossFit coaches.\" \/>\n<meta property=\"og:url\" content=\"https:\/\/www.crossfitmarbella.com\/es\/clases\/fuerza\/\" \/>\n<meta property=\"og:site_name\" content=\"Crossfit Marbella\" \/>\n<meta property=\"article:modified_time\" content=\"2020-06-18T08:13:10+00:00\" \/>\n<meta name=\"twitter:card\" content=\"summary_large_image\" \/>\n<meta name=\"twitter:label1\" content=\"Tiempo de lectura\" \/>\n\t<meta name=\"twitter:data1\" content=\"1 minuto\" \/>\n<script type=\"application\/ld+json\" class=\"yoast-schema-graph\">{\"@context\":\"https:\/\/schema.org\",\"@graph\":[{\"@type\":\"WebPage\",\"@id\":\"https:\/\/www.crossfitmarbella.com\/es\/clases\/fuerza\/\",\"url\":\"https:\/\/www.crossfitmarbella.com\/es\/clases\/fuerza\/\",\"name\":\"CrossFit Classes | CrossFit Marbella | San Pedro | Costa del Sol | Spain\",\"isPartOf\":{\"@id\":\"https:\/\/www.crossfitmarbella.com\/es\/#website\"},\"datePublished\":\"2019-01-30T16:39:39+00:00\",\"dateModified\":\"2020-06-18T08:13:10+00:00\",\"description\":\"CrossFit Classes at CrossFit Marbella in San Pedro Alcantara, Spain. Focusing on health, fitness and nutrition from experienced CrossFit coaches.\",\"breadcrumb\":{\"@id\":\"https:\/\/www.crossfitmarbella.com\/es\/clases\/fuerza\/#breadcrumb\"},\"inLanguage\":\"es\",\"potentialAction\":[{\"@type\":\"ReadAction\",\"target\":[\"https:\/\/www.crossfitmarbella.com\/es\/clases\/fuerza\/\"]}]},{\"@type\":\"BreadcrumbList\",\"@id\":\"https:\/\/www.crossfitmarbella.com\/es\/clases\/fuerza\/#breadcrumb\",\"itemListElement\":[{\"@type\":\"ListItem\",\"position\":1,\"name\":\"Home\",\"item\":\"https:\/\/www.crossfitmarbella.com\/es\/\"},{\"@type\":\"ListItem\",\"position\":2,\"name\":\"Clases de Fuerza\"}]},{\"@type\":\"WebSite\",\"@id\":\"https:\/\/www.crossfitmarbella.com\/es\/#website\",\"url\":\"https:\/\/www.crossfitmarbella.com\/es\/\",\"name\":\"Crossfit Marbella\",\"description\":\"Crossfit Marbella\",\"potentialAction\":[{\"@type\":\"SearchAction\",\"target\":{\"@type\":\"EntryPoint\",\"urlTemplate\":\"https:\/\/www.crossfitmarbella.com\/es\/?s={search_term_string}\"},\"query-input\":{\"@type\":\"PropertyValueSpecification\",\"valueRequired\":true,\"valueName\":\"search_term_string\"}}],\"inLanguage\":\"es\"}]}<\/script>\n<!-- \/ Yoast SEO plugin. -->","yoast_head_json":{"title":"CrossFit Classes | CrossFit Marbella | San Pedro | Costa del Sol | Spain","description":"CrossFit Classes at CrossFit Marbella in San Pedro Alcantara, Spain. Focusing on health, fitness and nutrition from experienced CrossFit coaches.","robots":{"index":"index","follow":"follow","max-snippet":"max-snippet:-1","max-image-preview":"max-image-preview:large","max-video-preview":"max-video-preview:-1"},"canonical":"https:\/\/www.crossfitmarbella.com\/es\/clases\/fuerza\/","og_locale":"es_ES","og_type":"article","og_title":"CrossFit Classes | CrossFit Marbella | San Pedro | Costa del Sol | Spain","og_description":"CrossFit Classes at CrossFit Marbella in San Pedro Alcantara, Spain. Focusing on health, fitness and nutrition from experienced CrossFit coaches.","og_url":"https:\/\/www.crossfitmarbella.com\/es\/clases\/fuerza\/","og_site_name":"Crossfit Marbella","article_modified_time":"2020-06-18T08:13:10+00:00","twitter_card":"summary_large_image","twitter_misc":{"Tiempo de lectura":"1 minuto"},"schema":{"@context":"https:\/\/schema.org","@graph":[{"@type":"WebPage","@id":"https:\/\/www.crossfitmarbella.com\/es\/clases\/fuerza\/","url":"https:\/\/www.crossfitmarbella.com\/es\/clases\/fuerza\/","name":"CrossFit Classes | CrossFit Marbella | San Pedro | Costa del Sol | Spain","isPartOf":{"@id":"https:\/\/www.crossfitmarbella.com\/es\/#website"},"datePublished":"2019-01-30T16:39:39+00:00","dateModified":"2020-06-18T08:13:10+00:00","description":"CrossFit Classes at CrossFit Marbella in San Pedro Alcantara, Spain. Focusing on health, fitness and nutrition from experienced CrossFit coaches.","breadcrumb":{"@id":"https:\/\/www.crossfitmarbella.com\/es\/clases\/fuerza\/#breadcrumb"},"inLanguage":"es","potentialAction":[{"@type":"ReadAction","target":["https:\/\/www.crossfitmarbella.com\/es\/clases\/fuerza\/"]}]},{"@type":"BreadcrumbList","@id":"https:\/\/www.crossfitmarbella.com\/es\/clases\/fuerza\/#breadcrumb","itemListElement":[{"@type":"ListItem","position":1,"name":"Home","item":"https:\/\/www.crossfitmarbella.com\/es\/"},{"@type":"ListItem","position":2,"name":"Clases de Fuerza"}]},{"@type":"WebSite","@id":"https:\/\/www.crossfitmarbella.com\/es\/#website","url":"https:\/\/www.crossfitmarbella.com\/es\/","name":"Crossfit Marbella","description":"Crossfit Marbella","potentialAction":[{"@type":"SearchAction","target":{"@type":"EntryPoint","urlTemplate":"https:\/\/www.crossfitmarbella.com\/es\/?s={search_term_string}"},"query-input":{"@type":"PropertyValueSpecification","valueRequired":true,"valueName":"search_term_string"}}],"inLanguage":"es"}]}},"_links":{"self":[{"href":"https:\/\/www.crossfitmarbella.com\/es\/wp-json\/wp\/v2\/pages\/1568","targetHints":{"allow":["GET"]}}],"collection":[{"href":"https:\/\/www.crossfitmarbella.com\/es\/wp-json\/wp\/v2\/pages"}],"about":[{"href":"https:\/\/www.crossfitmarbella.com\/es\/wp-json\/wp\/v2\/types\/page"}],"author":[{"embeddable":true,"href":"https:\/\/www.crossfitmarbella.com\/es\/wp-json\/wp\/v2\/users\/1"}],"replies":[{"embeddable":true,"href":"https:\/\/www.crossfitmarbella.com\/es\/wp-json\/wp\/v2\/comments?post=1568"}],"version-history":[{"count":5,"href":"https:\/\/www.crossfitmarbella.com\/es\/wp-json\/wp\/v2\/pages\/1568\/revisions"}],"predecessor-version":[{"id":2136,"href":"https:\/\/www.crossfitmarbella.com\/es\/wp-json\/wp\/v2\/pages\/1568\/revisions\/2136"}],"up":[{"embeddable":true,"href":"https:\/\/www.crossfitmarbella.com\/es\/wp-json\/wp\/v2\/pages\/1550"}],"wp:attachment":[{"href":"https:\/\/www.crossfitmarbella.com\/es\/wp-json\/wp\/v2\/media?parent=1568"}],"curies":[{"name":"wp","href":"https:\/\/api.w.org\/{rel}","templated":true}]}}