{"id":1547,"date":"2018-09-23T13:21:59","date_gmt":"2018-09-23T11:21:59","guid":{"rendered":"https:\/\/crossfitmarbella.com\/membership\/"},"modified":"2026-03-05T09:08:23","modified_gmt":"2026-03-05T08:08:23","slug":"abonos","status":"publish","type":"page","link":"https:\/\/www.crossfitmarbella.com\/es\/abonos\/","title":{"rendered":"Abonos"},"content":{"rendered":"<section class=\"wpb-content-wrapper\"><p>[vc_row equal_height=\u00bbyes\u00bb el_id=\u00bbmembership-row-nav\u00bb][vc_column width=\u00bb1\/2&#8243;][vc_column_text el_class=\u00bbcta-popup-trigger\u00bb]<\/p>\n<div>\n<h2 style=\"text-align: center;\"><a href=\"https:\/\/calendly.com\/cfm-marbella\" target=\"_blank\" rel=\"noopener\">\u00bfERES NUEVO EN CROSSFIT MARBELLA?<small style=\"display: block; margin-top: 20px; color: #fff;\">Reserva tu consulta gratuita<\/small><\/a><\/h2>\n<\/div>\n<p>[\/vc_column_text][vc_empty_space height=\u00bb80px\u00bb][\/vc_column][vc_column width=\u00bb1\/2&#8243; el_class=\u00bbmembership-nav-col-2&#8243;][vc_column_text]<\/p>\n<div>\n<h2 style=\"text-align: center;\"><a href=\"#step-2\">\u00bfQUIERES ENTRENAR CON NOSOTROS?<small style=\"display: block; margin-top: 20px; color: #fff;\">Elige tu plan<\/small><\/a><\/h2>\n<\/div>\n<p>[\/vc_column_text][vc_empty_space height=\u00bb80px\u00bb][\/vc_column][\/vc_row][vc_row full_width=\u00bbstretch_row\u00bb equal_height=\u00bbyes\u00bb el_id=\u00bbpaso-2&#8243; css=\u00bb.vc_custom_1592405026863{background-color: #0a0a0a !important;}\u00bb][vc_column][vc_empty_space height=\u00bb80px\u00bb][vc_column_text]<\/p>\n<h2 style=\"text-align: center;\">Paso 2 &#8211; ELIGE TU PLAN<\/h2>\n<div style=\"text-align: center;\">\n<p>\u00a1Nos encantan los visitantes en CrossFit Marbella! \u00a1Por favor, elija entre la variedad de membres\u00edas disponibles a continuaci\u00f3n!<br \/>\nA continuaci\u00f3n, siga adelante y reserve su(s) clase(s).<br \/>\nHasta pronto.<\/p>\n<p><i style=\"color: var(--primary-color);\">Si usted es un residente de Marbella y le gustar\u00eda comprar una membres\u00eda requerimos que usted tenga un m\u00ednimo de 3 meses de experiencia CrossFit en un gimnasio CrossFit afiliado. O nuestro programa de fundamentos debe ser completado antes de comprar estas membres\u00edas.<\/i><\/p>\n<p><i style=\"color: var(--primary-color);\">*Si no tienes 3 meses de experiencia en CrossFit por favor inscr\u00edbete en nuestro <strong><a href=\"https:\/\/calendly.com\/cfm-marbella\">No Sweat Sweat Intro<\/a><\/strong> antes de adquirir la afiliaci\u00f3n. <\/i><\/p>\n<\/div>\n<p>[\/vc_column_text][vc_empty_space height=\u00bb60px\u00bb][\/vc_column][\/vc_row][vc_row full_width=\u00bbstretch_row\u00bb equal_height=\u00bbyes\u00bb css=\u00bb.vc_custom_1592404693768{background-color: #f3f3f3 !important;}\u00bb el_id=\u00bbmembership-price-row\u00bb][vc_column width=\u00bb1\/3&#8243; el_class=\u00bbmembership-price\u00bb][vc_column_text css=\u00bb.vc_custom_1772698074325{background-color: #ffffff !important;}\u00bb]<\/p>\n<h3 style=\"color: #000!important;\">CLASES ILIMITADAS<\/h3>\n<h4><span style=\"font-size: 16px;\">120\u20ac al mes<\/span><\/h4>\n<p>[\/vc_column_text][cms_button button_text=\u00bbCOMPRAR AHORA\u00bb link_button=\u00bburl:https%3A%2F%2Fcrossfitmarbella.wodify.com%2FOnlineSalesPortal%2FPurchaseByKeyEntry.aspx%3FKey%3DdsnyPZm2TmiECrzIz1U0u0F14|target:_blank\u00bb button_size=\u00bbbtn-md\u00bb][vc_empty_space height=\u00bb50px\u00bb][\/vc_column][vc_column width=\u00bb1\/3&#8243; el_class=\u00bbmembership-price\u00bb][vc_column_text css=\u00bb.vc_custom_1772698083383{background-color: #ffffff !important;}\u00bb]<\/p>\n<h3 style=\"color: #000!important;\">12 CLASES MENSUALES<\/h3>\n<h4><span style=\"font-size: 16px;\">105\u20ac al mes<\/span><\/h4>\n<p>[\/vc_column_text][cms_button button_text=\u00bbCOMPRAR AHORA\u00bb link_button=\u00bburl:https%3A%2F%2Fcrossfitmarbella.wodify.com%2FOnlineSalesPortal%2FPurchaseByKeyEntry.aspx%3FKey%3DMc0iadMRTicGS9NzdsruqOWLF|target:_blank\u00bb button_size=\u00bbbtn-md\u00bb][vc_empty_space height=\u00bb50px\u00bb][\/vc_column][vc_column width=\u00bb1\/3&#8243; el_class=\u00bbmembership-price\u00bb][vc_column_text css=\u00bb.vc_custom_1728380905496{background-color: #ffffff !important;}\u00bb]<\/p>\n<h3 style=\"color: #000!important;\">UN D\u00cdA (DROP IN)<\/h3>\n<h4><span style=\"font-size: 16px;\">20\u20ac<\/span><\/h4>\n<p>[\/vc_column_text][cms_button button_text=\u00bbCOMPRAR AHORA\u00bb link_button=\u00bburl:https%3A%2F%2Fcrossfitmarbella.wodify.com%2FOnlineSalesPortal%2FViewSchedule.aspx%3FLocationId%3D9130%26OnlineMembershipId%3D188334|target:_blank\u00bb button_size=\u00bbbtn-md\u00bb][vc_empty_space height=\u00bb50px\u00bb][\/vc_column][\/vc_row][vc_row full_width=\u00bbstretch_row\u00bb equal_height=\u00bbyes\u00bb css=\u00bb.vc_custom_1592404761004{background-color: #f3f3f3 !important;}\u00bb el_id=\u00bbmembership-price-row2&#8243;][vc_column width=\u00bb1\/3&#8243; el_class=\u00bbmembership-price\u00bb][vc_column_text css=\u00bb.vc_custom_1772698090873{background-color: #ffffff !important;}\u00bb]<\/p>\n<h3 style=\"color: #000!important;\">BONO SEMANAL<\/h3>\n<h4><span style=\"color: #000000;\">65\u20ac<\/span><\/h4>\n<p>[\/vc_column_text][cms_button button_text=\u00bbCOMPRAR AHORA\u00bb link_button=\u00bburl:https%3A%2F%2Fcrossfitmarbella.wodify.com%2FOnlineSalesPortal%2FPurchaseByKeyEntry.aspx%3FKey%3DARZC1vNvZbAA5wjzj51dOvzi0|target:_blank\u00bb button_size=\u00bbbtn-md\u00bb][vc_empty_space height=\u00bb50px\u00bb][\/vc_column][vc_column width=\u00bb1\/3&#8243; el_class=\u00bbmembership-price\u00bb][vc_column_text css=\u00bb.vc_custom_1772698100069{background-color: #ffffff !important;}\u00bb]<\/p>\n<h3 style=\"color: #000!important;\">BONO 2 SEMANAS<\/h3>\n<h4><span style=\"color: #000000;\">85\u20ac<\/span><\/h4>\n<p>[\/vc_column_text][cms_button button_text=\u00bbCOMPRAR AHORA\u00bb link_button=\u00bburl:https%3A%2F%2Fcrossfitmarbella.wodify.com%2FOnlineSalesPortal%2FPurchaseByKeyEntry.aspx%3FKey%3Dt1fkzRRoJ4tqmFqZ2yLqBUqlk|target:_blank\u00bb button_size=\u00bbbtn-md\u00bb][vc_empty_space height=\u00bb50px\u00bb][\/vc_column][vc_column width=\u00bb1\/3&#8243; el_class=\u00bbmembership-price\u00bb][vc_column_text css=\u00bb.vc_custom_1711525573160{background-color: #ffffff !important;}\u00bb]<\/p>\n<h3 style=\"color: #000!important;\">10 SESIONES<\/h3>\n<h4><span style=\"font-size: 16px;\">150\u20ac<\/span><\/h4>\n<p>[\/vc_column_text][cms_button button_text=\u00bbCOMPRAR AHORA\u00bb link_button=\u00bburl:https%3A%2F%2Fcrossfitmarbella.wodify.com%2FOnlineSalesPortal%2FPurchaseByKeyEntry.aspx%3FKey%3DGsPZbFkZ3PwohP012IZdPW1gp|target:_blank\u00bb button_size=\u00bbbtn-md\u00bb][vc_empty_space height=\u00bb50px\u00bb][\/vc_column][\/vc_row][vc_row full_width=\u00bbstretch_row\u00bb equal_height=\u00bbyes\u00bb css=\u00bb.vc_custom_1597060339479{background-color: #f3f3f3 !important;}\u00bb el_id=\u00bbmembership-price-row3&#8243;][vc_column width=\u00bb1\/3&#8243; el_class=\u00bbmembership-price\u00bb][vc_column_text css=\u00bb.vc_custom_1711525605169{background-color: #ffffff !important;}\u00bb]<\/p>\n<h3 style=\"color: #000!important;\">GIMNASIO ABIERTO (OPEN GYM) MENSUAL<\/h3>\n<h4><span style=\"font-size: 16px;\">90\u20ac<\/span><\/h4>\n<p>[\/vc_column_text][cms_button button_text=\u00bbCOMPRAR AHORA\u00bb link_button=\u00bburl:%20https%3A%2F%2Fcrossfitmarbella.wodify.com%2FOnlineSalesPortal%2FPurchaseByKeyEntry.aspx%3FKey%3Dx4CUGiqQmm23hQ5LZZvWWwBJ7|target:_blank\u00bb button_size=\u00bbbtn-md\u00bb][vc_empty_space height=\u00bb50px\u00bb][\/vc_column][vc_column width=\u00bb1\/3&#8243; el_class=\u00bbmembership-price\u00bb][vc_column_text css=\u00bb.vc_custom_1715159887572{background-color: #ffffff !important;}\u00bb]<\/p>\n<h4 style=\"text-align: center;\"><span style=\"font-size: 16px;\">1 HORA DE ENTRENAMIENTO PERSONAL DESDE<br \/>\n<\/span><\/h4>\n<h4 style=\"text-align: center;\"><span style=\"font-size: 16px;\">45\u20ac<\/span><\/h4>\n<p>[\/vc_column_text][cms_button button_text=\u00bbEscribenos\u00bb link_button=\u00bburl:mailto%3Ainfo%40crossfitmarbella.com|target:_blank\u00bb button_size=\u00bbbtn-md\u00bb][vc_empty_space height=\u00bb50px\u00bb][\/vc_column][vc_column width=\u00bb1\/3&#8243; el_class=\u00bbmembership-price\u00bb][vc_column_text css=\u00bb.vc_custom_1712125989790{background-color: #ffffff !important;}\u00bb]<\/p>\n<h4><span style=\"font-size: 16px;\">SESIONES DE 30 MINUTOS<\/span><\/h4>\n<h4><span style=\"font-size: 16px;\">30\u20ac<\/span><\/h4>\n<p>[\/vc_column_text][cms_button button_text=\u00bbCOMPRAR AHORA\u00bb link_button=\u00bburl:mailto%3Ainfo%40crossfitmarbella.com|target:_blank\u00bb button_size=\u00bbbtn-md\u00bb][vc_empty_space height=\u00bb50px\u00bb][\/vc_column][\/vc_row]<\/p>\n<\/section>","protected":false},"excerpt":{"rendered":"<p>[vc_row equal_height=\u00bbyes\u00bb el_id=\u00bbmembership-row-nav\u00bb][vc_column width=\u00bb1\/2&#8243;][vc_column_text el_class=\u00bbcta-popup-trigger\u00bb] \u00bfERES NUEVO EN CROSSFIT MARBELLA?Reserva tu consulta gratuita [\/vc_column_text][vc_empty_space height=\u00bb80px\u00bb][\/vc_column][vc_column width=\u00bb1\/2&#8243; el_class=\u00bbmembership-nav-col-2&#8243;][vc_column_text] \u00bfQUIERES ENTRENAR CON NOSOTROS?Elige tu plan [\/vc_column_text][vc_empty_space height=\u00bb80px\u00bb][\/vc_column][\/vc_row][vc_row full_width=\u00bbstretch_row\u00bb equal_height=\u00bbyes\u00bb el_id=\u00bbpaso-2&#8243; css=\u00bb.vc_custom_1592405026863{background-color: #0a0a0a !important;}\u00bb][vc_column][vc_empty_space height=\u00bb80px\u00bb][vc_column_text] Paso 2 &#8211; ELIGE TU PLAN \u00a1Nos encantan los visitantes en CrossFit Marbella! \u00a1Por favor, elija entre la variedad de membres\u00edas disponibles a [&hellip;]<\/p>\n","protected":false},"author":2,"featured_media":0,"parent":0,"menu_order":0,"comment_status":"closed","ping_status":"closed","template":"","meta":{"_monsterinsights_skip_tracking":false,"_monsterinsights_sitenote_active":false,"_monsterinsights_sitenote_note":"","_monsterinsights_sitenote_category":0,"footnotes":""},"class_list":["post-1547","page","type-page","status-publish","hentry"],"yoast_head":"<!-- This site is optimized with the Yoast SEO plugin v26.1 - https:\/\/yoast.com\/wordpress\/plugins\/seo\/ -->\n<title>Membership at CrossFit Marbella | CrossFit gym | San Pedro Alcantara<\/title>\n<meta name=\"description\" content=\"We are CrossFit Marbella, a CrossFit gym on the Costa del Sol in Spain. We offer functional fitness, boot camps, personal training and more.\" \/>\n<meta name=\"robots\" content=\"index, follow, max-snippet:-1, max-image-preview:large, max-video-preview:-1\" \/>\n<link rel=\"canonical\" href=\"https:\/\/www.crossfitmarbella.com\/es\/abonos\/\" \/>\n<meta property=\"og:locale\" content=\"es_ES\" \/>\n<meta property=\"og:type\" content=\"article\" \/>\n<meta property=\"og:title\" content=\"Membership at CrossFit Marbella | CrossFit gym | San Pedro Alcantara\" \/>\n<meta property=\"og:description\" content=\"We are CrossFit Marbella, a CrossFit gym on the Costa del Sol in Spain. We offer functional fitness, boot camps, personal training and more.\" \/>\n<meta property=\"og:url\" content=\"https:\/\/www.crossfitmarbella.com\/es\/abonos\/\" \/>\n<meta property=\"og:site_name\" content=\"Crossfit Marbella\" \/>\n<meta property=\"article:modified_time\" content=\"2026-03-05T08:08:23+00:00\" \/>\n<meta name=\"twitter:card\" content=\"summary_large_image\" \/>\n<meta name=\"twitter:label1\" content=\"Tiempo de lectura\" \/>\n\t<meta name=\"twitter:data1\" content=\"2 minutos\" \/>\n<script type=\"application\/ld+json\" class=\"yoast-schema-graph\">{\"@context\":\"https:\/\/schema.org\",\"@graph\":[{\"@type\":\"WebPage\",\"@id\":\"https:\/\/www.crossfitmarbella.com\/es\/abonos\/\",\"url\":\"https:\/\/www.crossfitmarbella.com\/es\/abonos\/\",\"name\":\"Membership at CrossFit Marbella | CrossFit gym | San Pedro Alcantara\",\"isPartOf\":{\"@id\":\"https:\/\/www.crossfitmarbella.com\/es\/#website\"},\"datePublished\":\"2018-09-23T11:21:59+00:00\",\"dateModified\":\"2026-03-05T08:08:23+00:00\",\"description\":\"We are CrossFit Marbella, a CrossFit gym on the Costa del Sol in Spain. We offer functional fitness, boot camps, personal training and more.\",\"breadcrumb\":{\"@id\":\"https:\/\/www.crossfitmarbella.com\/es\/abonos\/#breadcrumb\"},\"inLanguage\":\"es\",\"potentialAction\":[{\"@type\":\"ReadAction\",\"target\":[\"https:\/\/www.crossfitmarbella.com\/es\/abonos\/\"]}]},{\"@type\":\"BreadcrumbList\",\"@id\":\"https:\/\/www.crossfitmarbella.com\/es\/abonos\/#breadcrumb\",\"itemListElement\":[{\"@type\":\"ListItem\",\"position\":1,\"name\":\"Home\",\"item\":\"https:\/\/www.crossfitmarbella.com\/es\/\"},{\"@type\":\"ListItem\",\"position\":2,\"name\":\"Abonos\"}]},{\"@type\":\"WebSite\",\"@id\":\"https:\/\/www.crossfitmarbella.com\/es\/#website\",\"url\":\"https:\/\/www.crossfitmarbella.com\/es\/\",\"name\":\"Crossfit Marbella\",\"description\":\"Crossfit Marbella\",\"potentialAction\":[{\"@type\":\"SearchAction\",\"target\":{\"@type\":\"EntryPoint\",\"urlTemplate\":\"https:\/\/www.crossfitmarbella.com\/es\/?s={search_term_string}\"},\"query-input\":{\"@type\":\"PropertyValueSpecification\",\"valueRequired\":true,\"valueName\":\"search_term_string\"}}],\"inLanguage\":\"es\"}]}<\/script>\n<!-- \/ Yoast SEO plugin. -->","yoast_head_json":{"title":"Membership at CrossFit Marbella | CrossFit gym | San Pedro Alcantara","description":"We are CrossFit Marbella, a CrossFit gym on the Costa del Sol in Spain. We offer functional fitness, boot camps, personal training and more.","robots":{"index":"index","follow":"follow","max-snippet":"max-snippet:-1","max-image-preview":"max-image-preview:large","max-video-preview":"max-video-preview:-1"},"canonical":"https:\/\/www.crossfitmarbella.com\/es\/abonos\/","og_locale":"es_ES","og_type":"article","og_title":"Membership at CrossFit Marbella | CrossFit gym | San Pedro Alcantara","og_description":"We are CrossFit Marbella, a CrossFit gym on the Costa del Sol in Spain. We offer functional fitness, boot camps, personal training and more.","og_url":"https:\/\/www.crossfitmarbella.com\/es\/abonos\/","og_site_name":"Crossfit Marbella","article_modified_time":"2026-03-05T08:08:23+00:00","twitter_card":"summary_large_image","twitter_misc":{"Tiempo de lectura":"2 minutos"},"schema":{"@context":"https:\/\/schema.org","@graph":[{"@type":"WebPage","@id":"https:\/\/www.crossfitmarbella.com\/es\/abonos\/","url":"https:\/\/www.crossfitmarbella.com\/es\/abonos\/","name":"Membership at CrossFit Marbella | CrossFit gym | San Pedro Alcantara","isPartOf":{"@id":"https:\/\/www.crossfitmarbella.com\/es\/#website"},"datePublished":"2018-09-23T11:21:59+00:00","dateModified":"2026-03-05T08:08:23+00:00","description":"We are CrossFit Marbella, a CrossFit gym on the Costa del Sol in Spain. We offer functional fitness, boot camps, personal training and more.","breadcrumb":{"@id":"https:\/\/www.crossfitmarbella.com\/es\/abonos\/#breadcrumb"},"inLanguage":"es","potentialAction":[{"@type":"ReadAction","target":["https:\/\/www.crossfitmarbella.com\/es\/abonos\/"]}]},{"@type":"BreadcrumbList","@id":"https:\/\/www.crossfitmarbella.com\/es\/abonos\/#breadcrumb","itemListElement":[{"@type":"ListItem","position":1,"name":"Home","item":"https:\/\/www.crossfitmarbella.com\/es\/"},{"@type":"ListItem","position":2,"name":"Abonos"}]},{"@type":"WebSite","@id":"https:\/\/www.crossfitmarbella.com\/es\/#website","url":"https:\/\/www.crossfitmarbella.com\/es\/","name":"Crossfit Marbella","description":"Crossfit Marbella","potentialAction":[{"@type":"SearchAction","target":{"@type":"EntryPoint","urlTemplate":"https:\/\/www.crossfitmarbella.com\/es\/?s={search_term_string}"},"query-input":{"@type":"PropertyValueSpecification","valueRequired":true,"valueName":"search_term_string"}}],"inLanguage":"es"}]}},"_links":{"self":[{"href":"https:\/\/www.crossfitmarbella.com\/es\/wp-json\/wp\/v2\/pages\/1547","targetHints":{"allow":["GET"]}}],"collection":[{"href":"https:\/\/www.crossfitmarbella.com\/es\/wp-json\/wp\/v2\/pages"}],"about":[{"href":"https:\/\/www.crossfitmarbella.com\/es\/wp-json\/wp\/v2\/types\/page"}],"author":[{"embeddable":true,"href":"https:\/\/www.crossfitmarbella.com\/es\/wp-json\/wp\/v2\/users\/2"}],"replies":[{"embeddable":true,"href":"https:\/\/www.crossfitmarbella.com\/es\/wp-json\/wp\/v2\/comments?post=1547"}],"version-history":[{"count":6,"href":"https:\/\/www.crossfitmarbella.com\/es\/wp-json\/wp\/v2\/pages\/1547\/revisions"}],"predecessor-version":[{"id":3218,"href":"https:\/\/www.crossfitmarbella.com\/es\/wp-json\/wp\/v2\/pages\/1547\/revisions\/3218"}],"wp:attachment":[{"href":"https:\/\/www.crossfitmarbella.com\/es\/wp-json\/wp\/v2\/media?parent=1547"}],"curies":[{"name":"wp","href":"https:\/\/api.w.org\/{rel}","templated":true}]}}